

{"id":7,"date":"2023-09-18T19:22:54","date_gmt":"2023-09-18T17:22:54","guid":{"rendered":"https:\/\/aubincortacero.fr\/index.php\/accueil\/"},"modified":"2026-01-25T16:43:44","modified_gmt":"2026-01-25T15:43:44","slug":"accueil","status":"publish","type":"page","link":"https:\/\/aubincortacero.fr\/en\/","title":{"rendered":"Aubin Cortacero &#8211; Cr\u00e9ation site WordPress sur-mesure"},"content":{"rendered":"<p>Sp\u00e9cialis\u00e9 dans le d\u00e9veloppement de th\u00e8mes sur-mesure et r\u00e9alisation de maquettes UX\/UI, afin de r\u00e9pondre au mieux aux besoins du client.<\/p>","protected":false},"excerpt":{"rendered":"<p>Sp\u00e9cialis\u00e9 dans le d\u00e9veloppement de th\u00e8mes sur-mesure et r\u00e9alisation de maquettes UX\/UI, afin de r\u00e9pondre au mieux aux besoins du client.<\/p>","protected":false},"author":1,"featured_media":0,"parent":0,"menu_order":0,"comment_status":"closed","ping_status":"closed","template":"template-accueil.php","meta":{"footnotes":""},"class_list":["post-7","page","type-page","status-publish","hentry"],"yoast_head":"<!-- This site is optimized with the Yoast SEO plugin v25.6 - https:\/\/yoast.com\/wordpress\/plugins\/seo\/ -->\n<title>Aubin Cortacero - Cr\u00e9ation de sites modernes &amp; sur-mesure<\/title>\n<meta name=\"description\" content=\"D\u00e9veloppeur Wordpress et Web designer, j\u2019accompagne mes clients dans la cr\u00e9ation de sites personnalis\u00e9s, pens\u00e9s pour l\u2019utilisateur.\" \/>\n<meta name=\"robots\" content=\"index, follow, max-snippet:-1, max-image-preview:large, max-video-preview:-1\" \/>\n<link rel=\"canonical\" href=\"https:\/\/aubincortacero.fr\/en\/\" \/>\n<meta property=\"og:locale\" content=\"en_GB\" \/>\n<meta property=\"og:type\" content=\"article\" \/>\n<meta property=\"og:title\" content=\"Aubin Cortacero - Cr\u00e9ation de sites modernes &amp; sur-mesure\" \/>\n<meta property=\"og:description\" content=\"D\u00e9veloppeur Wordpress et Web designer, j\u2019accompagne mes clients dans la cr\u00e9ation de sites personnalis\u00e9s, pens\u00e9s pour l\u2019utilisateur.\" \/>\n<meta property=\"og:url\" content=\"https:\/\/aubincortacero.fr\/en\/\" \/>\n<meta property=\"og:site_name\" content=\"aubincortacero\" \/>\n<meta property=\"article:modified_time\" content=\"2026-01-25T15:43:44+00:00\" \/>\n<meta name=\"twitter:card\" content=\"summary_large_image\" \/>\n<meta name=\"twitter:label1\" content=\"Estimated reading time\" \/>\n\t<meta name=\"twitter:data1\" content=\"1 minute\" \/>\n<script type=\"application\/ld+json\" class=\"yoast-schema-graph\">{\"@context\":\"https:\/\/schema.org\",\"@graph\":[{\"@type\":\"WebPage\",\"@id\":\"https:\/\/aubincortacero.fr\/\",\"url\":\"https:\/\/aubincortacero.fr\/\",\"name\":\"Aubin Cortacero - Cr\u00e9ation de sites modernes & sur-mesure\",\"isPartOf\":{\"@id\":\"https:\/\/aubincortacero.fr\/#website\"},\"datePublished\":\"2023-09-18T17:22:54+00:00\",\"dateModified\":\"2026-01-25T15:43:44+00:00\",\"description\":\"D\u00e9veloppeur Wordpress et Web designer, j\u2019accompagne mes clients dans la cr\u00e9ation de sites personnalis\u00e9s, pens\u00e9s pour l\u2019utilisateur.\",\"breadcrumb\":{\"@id\":\"https:\/\/aubincortacero.fr\/#breadcrumb\"},\"inLanguage\":\"en-GB\",\"potentialAction\":[{\"@type\":\"ReadAction\",\"target\":[\"https:\/\/aubincortacero.fr\/\"]}]},{\"@type\":\"BreadcrumbList\",\"@id\":\"https:\/\/aubincortacero.fr\/#breadcrumb\",\"itemListElement\":[{\"@type\":\"ListItem\",\"position\":1,\"name\":\"Accueil\",\"item\":\"https:\/\/aubincortacero.fr\/\"},{\"@type\":\"ListItem\",\"position\":2,\"name\":\"Aubin Cortacero &#8211; Cr\u00e9ation site WordPress sur-mesure\"}]},{\"@type\":\"WebSite\",\"@id\":\"https:\/\/aubincortacero.fr\/#website\",\"url\":\"https:\/\/aubincortacero.fr\/\",\"name\":\"aubincortacero\",\"description\":\"Design &amp; D\u00e9veloppement web\",\"potentialAction\":[{\"@type\":\"SearchAction\",\"target\":{\"@type\":\"EntryPoint\",\"urlTemplate\":\"https:\/\/aubincortacero.fr\/?s={search_term_string}\"},\"query-input\":{\"@type\":\"PropertyValueSpecification\",\"valueRequired\":true,\"valueName\":\"search_term_string\"}}],\"inLanguage\":\"en-GB\"}]}<\/script>\n<!-- \/ Yoast SEO plugin. -->","yoast_head_json":{"title":"Aubin Cortacero - Cr\u00e9ation de sites modernes & sur-mesure","description":"D\u00e9veloppeur Wordpress et Web designer, j\u2019accompagne mes clients dans la cr\u00e9ation de sites personnalis\u00e9s, pens\u00e9s pour l\u2019utilisateur.","robots":{"index":"index","follow":"follow","max-snippet":"max-snippet:-1","max-image-preview":"max-image-preview:large","max-video-preview":"max-video-preview:-1"},"canonical":"https:\/\/aubincortacero.fr\/en\/","og_locale":"en_GB","og_type":"article","og_title":"Aubin Cortacero - Cr\u00e9ation de sites modernes & sur-mesure","og_description":"D\u00e9veloppeur Wordpress et Web designer, j\u2019accompagne mes clients dans la cr\u00e9ation de sites personnalis\u00e9s, pens\u00e9s pour l\u2019utilisateur.","og_url":"https:\/\/aubincortacero.fr\/en\/","og_site_name":"aubincortacero","article_modified_time":"2026-01-25T15:43:44+00:00","twitter_card":"summary_large_image","twitter_misc":{"Estimated reading time":"1 minute"},"schema":{"@context":"https:\/\/schema.org","@graph":[{"@type":"WebPage","@id":"https:\/\/aubincortacero.fr\/","url":"https:\/\/aubincortacero.fr\/","name":"Aubin Cortacero - Cr\u00e9ation de sites modernes & sur-mesure","isPartOf":{"@id":"https:\/\/aubincortacero.fr\/#website"},"datePublished":"2023-09-18T17:22:54+00:00","dateModified":"2026-01-25T15:43:44+00:00","description":"D\u00e9veloppeur Wordpress et Web designer, j\u2019accompagne mes clients dans la cr\u00e9ation de sites personnalis\u00e9s, pens\u00e9s pour l\u2019utilisateur.","breadcrumb":{"@id":"https:\/\/aubincortacero.fr\/#breadcrumb"},"inLanguage":"en-GB","potentialAction":[{"@type":"ReadAction","target":["https:\/\/aubincortacero.fr\/"]}]},{"@type":"BreadcrumbList","@id":"https:\/\/aubincortacero.fr\/#breadcrumb","itemListElement":[{"@type":"ListItem","position":1,"name":"Accueil","item":"https:\/\/aubincortacero.fr\/"},{"@type":"ListItem","position":2,"name":"Aubin Cortacero &#8211; Cr\u00e9ation site WordPress sur-mesure"}]},{"@type":"WebSite","@id":"https:\/\/aubincortacero.fr\/#website","url":"https:\/\/aubincortacero.fr\/","name":"aubincortacero","description":"Design &amp; D\u00e9veloppement web","potentialAction":[{"@type":"SearchAction","target":{"@type":"EntryPoint","urlTemplate":"https:\/\/aubincortacero.fr\/?s={search_term_string}"},"query-input":{"@type":"PropertyValueSpecification","valueRequired":true,"valueName":"search_term_string"}}],"inLanguage":"en-GB"}]}},"acf":[],"_links":{"self":[{"href":"https:\/\/aubincortacero.fr\/en\/wp-json\/wp\/v2\/pages\/7","targetHints":{"allow":["GET"]}}],"collection":[{"href":"https:\/\/aubincortacero.fr\/en\/wp-json\/wp\/v2\/pages"}],"about":[{"href":"https:\/\/aubincortacero.fr\/en\/wp-json\/wp\/v2\/types\/page"}],"author":[{"embeddable":true,"href":"https:\/\/aubincortacero.fr\/en\/wp-json\/wp\/v2\/users\/1"}],"replies":[{"embeddable":true,"href":"https:\/\/aubincortacero.fr\/en\/wp-json\/wp\/v2\/comments?post=7"}],"version-history":[{"count":0,"href":"https:\/\/aubincortacero.fr\/en\/wp-json\/wp\/v2\/pages\/7\/revisions"}],"wp:attachment":[{"href":"https:\/\/aubincortacero.fr\/en\/wp-json\/wp\/v2\/media?parent=7"}],"curies":[{"name":"wp","href":"https:\/\/api.w.org\/{rel}","templated":true}]}}